{"id":103,"date":"2015-10-25T17:37:01","date_gmt":"2015-10-25T17:37:01","guid":{"rendered":"http:\/\/giorgiamontoriopsicologa.com\/?page_id=103"},"modified":"2015-10-27T20:38:54","modified_gmt":"2015-10-27T20:38:54","slug":"il-mio-simbolo","status":"publish","type":"page","link":"https:\/\/giorgiamontoriopsicologa.com\/index.php\/chi-sono\/il-mio-simbolo\/","title":{"rendered":"Il Mio Simbolo"},"content":{"rendered":"<p><strong>IL SIMBOLO &#8230; del mio biglietto da visita<\/strong><\/p>\n<p><strong>\u00a0<\/strong><\/p>\n<p style=\"text-align: right;\"><em>Qualsiasi via \u00e8 solo una via, e non c\u2019\u00e8 nessun affronto, a se stessi o agli altri,\u00a0<\/em><em>nell\u2019abbandonarla, se questo \u00e8 ci\u00f2 che il cuore ti dice di fare\u2026 Esamina\u00a0<\/em><em>ogni via con accuratezza e ponderazione. Provala tutte le volte che lo ritieni\u00a0<\/em><em>necessario. Quindi poni a te stesso, e a te stesso soltanto, una domanda\u2026\u00a0<\/em><em>Questa via ha un cuore? Se lo ha, la via \u00e8 buona.\u00a0<\/em><em>Se non lo ha non serve a niente.<\/em><\/p>\n<p style=\"text-align: right;\"><em>Carlos Castaneda<\/em><\/p>\n<p><strong>\u00a0<\/strong><\/p>\n<p style=\"text-align: justify;\"><a href=\"https:\/\/i0.wp.com\/giorgiamontoriopsicologa.com\/wp-content\/uploads\/2015\/10\/BdV_AMYmarrone_QUATER.jpg\"><img data-attachment-id=\"27\" data-permalink=\"https:\/\/giorgiamontoriopsicologa.com\/index.php\/chi-sono\/il-mio-simbolo\/bdv_amymarrone_quater\/\" data-orig-file=\"https:\/\/i0.wp.com\/giorgiamontoriopsicologa.com\/wp-content\/uploads\/2015\/10\/BdV_AMYmarrone_QUATER.jpg?fit=352%2C352&amp;ssl=1\" data-orig-size=\"352,352\" data-comments-opened=\"1\" data-image-meta=\"{&quot;aperture&quot;:&quot;0&quot;,&quot;credit&quot;:&quot;&quot;,&quot;camera&quot;:&quot;&quot;,&quot;caption&quot;:&quot;&quot;,&quot;created_timestamp&quot;:&quot;0&quot;,&quot;copyright&quot;:&quot;&quot;,&quot;focal_length&quot;:&quot;0&quot;,&quot;iso&quot;:&quot;0&quot;,&quot;shutter_speed&quot;:&quot;0&quot;,&quot;title&quot;:&quot;&quot;,&quot;orientation&quot;:&quot;0&quot;}\" data-image-title=\"BdV_AMYmarrone_QUATER\" data-image-description=\"\" data-image-caption=\"\" data-medium-file=\"https:\/\/i0.wp.com\/giorgiamontoriopsicologa.com\/wp-content\/uploads\/2015\/10\/BdV_AMYmarrone_QUATER.jpg?fit=300%2C300&amp;ssl=1\" data-large-file=\"https:\/\/i0.wp.com\/giorgiamontoriopsicologa.com\/wp-content\/uploads\/2015\/10\/BdV_AMYmarrone_QUATER.jpg?fit=352%2C352&amp;ssl=1\" loading=\"lazy\" class=\" wp-image-27 alignright\" src=\"https:\/\/i0.wp.com\/giorgiamontoriopsicologa.com\/wp-content\/uploads\/2015\/10\/BdV_AMYmarrone_QUATER.jpg?resize=261%2C261\" alt=\"BdV_AMYmarrone_QUATER\" width=\"261\" height=\"261\" srcset=\"https:\/\/i0.wp.com\/giorgiamontoriopsicologa.com\/wp-content\/uploads\/2015\/10\/BdV_AMYmarrone_QUATER.jpg?resize=300%2C300&amp;ssl=1 300w, https:\/\/i0.wp.com\/giorgiamontoriopsicologa.com\/wp-content\/uploads\/2015\/10\/BdV_AMYmarrone_QUATER.jpg?resize=150%2C150&amp;ssl=1 150w, https:\/\/i0.wp.com\/giorgiamontoriopsicologa.com\/wp-content\/uploads\/2015\/10\/BdV_AMYmarrone_QUATER.jpg?w=352&amp;ssl=1 352w\" sizes=\"(max-width: 261px) 100vw, 261px\" data-recalc-dims=\"1\" \/><\/a>Cerchio e quadrato rappresentano una visione di mondo, un atteggiamento, un modo di\u00a0intendere un atto terapeutico.\u00a0Coscienza olistica, insight, cuore, esperienza interiore, qualit\u00e0, condivisione sembrano definirsi come le parole chiave su cui costruire il proprio percorso evolutivo.<\/p>\n<p style=\"text-align: justify;\">Sono partita dal principio secondo cui non siamo soli, ma siamo totalit\u00e0 interconnesse.\u00a0Nulla \u00e8 sotto controllo, il nostro compito fondamentale \u00e8 vivere ogni evento, ogni momento nel &#8220;qui ed ora&#8221;, e fluire nell\u2019onda interconnessa degli eventi con fermezza nell\u2019intento.<\/p>\n<p>Ognuno \u00e8 il principale attore della propria vita e sceglie responsabilmente ogni azione, come pu\u00f2, e ci\u00f2 che sceglie \u00e8 la cosa giusta, per lui, in quel momento.<\/p>\n<p>L\u2019unico posto verso cui si deve andare \u00e8 esattamente quello in cui ci si trova.\u00a0Il <em>Cerchio<\/em> rappresenta la Matrice Essenziale ovvero il Macrocosmo, il Tutto, il Campo, l\u2019Essenza, il Principio Vitale, il Vuoto Creativo, lo Zero, il Flusso Interconnesso, la <em>Psych\u00e8<\/em> Transpersonale, Dio, Tao, Nirvana o come ognuno sente e vuole definirlo.<\/p>\n<p>Il <em>Quadrato<\/em> rappresenta la Matrice Organismica, ovvero il Microcosmo, il S\u00e9 Organistico, la <em>Psych\u00e8<\/em> Individuale, il Piccolo Uomo, la Piccola Donna.\u00a0Il quadrato \u00e8 il palcoscenico, il luogo in cui avvengono gli eventi tangibili e visibili da parte del piccolo uomo, il cerchio \u00e8 il dietro le quinte. Il quadrato \u00e8 parte del cerchio, non vi \u00e8 separazione tra s\u00e9 e il mondo, non vi \u00e8 separazione tra soggetto ed oggetto, si tratta di un continuo dialogo tra il S\u00e9 Personale e quello Transpersonale.<\/p>\n<p>Ci\u00f2 che avviene nell\u2019universo \u00e8 ci\u00f2 che avviene in ognuno di noi. Ogni evento \u00e8 un processo che si ripete attraverso modalit\u00e0 riconoscibili e riconducibili.\u00a0Tutto \u00e8 luce e tutto \u00e8 ombra, non pu\u00f2 esistere la luce senza il buio, come il giorno senza la notte, il bianco senza il nero.<\/p>\n<p>Con occhi svegli e cuore aperto non si pu\u00f2 che rimanere in <em>contatto<\/em> ovvero \u201crestare\u201d di fronte a noi stessi e agli eventi anzich\u00e9 andare via.<\/p>\n","protected":false},"excerpt":{"rendered":"<p>IL SIMBOLO &#8230; del mio biglietto da visita \u00a0 Qualsiasi via \u00e8 solo una via, e non c\u2019\u00e8 nessun affronto, a se stessi o agli altri,\u00a0nell\u2019abbandonarla, se questo \u00e8 ci\u00f2 che il cuore ti dice di fare\u2026 Esamina\u00a0ogni via con &hellip; <a class=\"more-link\" href=\"https:\/\/giorgiamontoriopsicologa.com\/index.php\/chi-sono\/il-mio-simbolo\/\">Continua a leggere <span class=\"meta-nav\">&rarr;<\/span><\/a><\/p>\n","protected":false},"author":1,"featured_media":0,"parent":5,"menu_order":0,"comment_status":"closed","ping_status":"closed","template":"guestbook.php","meta":{"_exactmetrics_skip_tracking":false,"_exactmetrics_sitenote_active":false,"_exactmetrics_sitenote_note":"","_exactmetrics_sitenote_category":0,"jetpack_post_was_ever_published":false},"aioseo_notices":[],"jetpack_shortlink":"https:\/\/wp.me\/P6PHpo-1F","jetpack-related-posts":[{"id":45,"url":"https:\/\/giorgiamontoriopsicologa.com\/index.php\/dove-mi-trovi\/","url_meta":{"origin":103,"position":0},"title":"DOVE MI TROVI","date":"17 Ottobre 2015","format":false,"excerpt":"https:\/\/goo.gl\/maps\/5XqX55gCJkaKt69z5 ...... in una casa di corte in mezzo ad una campagna collinare composta da campi coltivati, vigneti, piccoli boschi e attraversata da un piccolo torrente..\u00a0\u00a0\u00a0\u00a0\u00a0\u00a0 in: \u00a0 via Ragaiol, 1\/a - 37060 \u00a0-\u00a0San Giorgio in Salic e anche presso ARBES - Associazione per il benessere psicosociale Via Villafranca, 49\u2026","rel":"","context":"Articolo simile","img":{"alt_text":"","src":"https:\/\/i0.wp.com\/giorgiamontoriopsicologa.com\/wp-content\/uploads\/2015\/10\/fotoSTUDIO.jpg?resize=350%2C200","width":350,"height":200},"classes":[]},{"id":33,"url":"https:\/\/giorgiamontoriopsicologa.com\/index.php\/come-lavoro\/","url_meta":{"origin":103,"position":1},"title":"COME LAVORO","date":"17 Ottobre 2015","format":false,"excerpt":"\u2026 la mia formazione e come lavoro... La conoscenza si chiede perch\u00e9, la consapevolezza riconosce il come, la conoscenza separa per comprendere, la consapevolezza coglie l'unit\u00e0 e l'interconnessione del fenomeno qui ed ora. Non avrei potuto che fare la psicologa. Desideravo per\u00f2 un approccio che considerasse la persona in tutte\u2026","rel":"","context":"Articolo simile","img":{"alt_text":"","src":"https:\/\/i0.wp.com\/giorgiamontoriopsicologa.com\/wp-content\/uploads\/2015\/10\/Aria-240x300.jpg?resize=350%2C200","width":350,"height":200},"classes":[]},{"id":181,"url":"https:\/\/giorgiamontoriopsicologa.com\/index.php\/come-lavoro\/disturbi-trattati\/","url_meta":{"origin":103,"position":2},"title":"Disturbi Trattati","date":"2 Novembre 2015","format":false,"excerpt":"\u2026\u00a0ambiti di intervento e disturbi trattati \u2026 Gli indiani Pueblo mi dissero che tutti gli americani sono pazzi. Naturalmente ne fui stupito e chiesi perch\u00e8? Risposero: \"B\u00e8 dicono che pensano con la testa. Nessun uomo sano di mente pensa con la testa\" \u00a0\u00a0\u00a0 - C.G.Jung Tachicardia, nodo alla gola, ansia\u2026","rel":"","context":"Articolo simile","img":{"alt_text":"blanco-y-negro","src":"https:\/\/i0.wp.com\/giorgiamontoriopsicologa.com\/wp-content\/uploads\/2015\/10\/blanco-y-negro-300x239.jpg?resize=350%2C200","width":350,"height":200},"classes":[]},{"id":128,"url":"https:\/\/giorgiamontoriopsicologa.com\/index.php\/contatti\/oncologia\/","url_meta":{"origin":103,"position":3},"title":"Oncologia e Non Solo&#8230;","date":"28 Ottobre 2015","format":false,"excerpt":"\u2026 oncologia \u2026 e non solo \u2026 ESSERE DONNA colloqui individuali percorsi multidisciplinari - \u201cSei tu al Centro\u201d Ho ipotizzato di proporre un pacchetto benessere per una donna che decide di porsi nuovamente al centro della propria vita. Spesso, compagno, marito, figli, genitori, una malattia, tolgono la donna dall'essere protagonista\u2026","rel":"","context":"Articolo simile","img":{"alt_text":"lettino_scarperossedonna","src":"https:\/\/i0.wp.com\/giorgiamontoriopsicologa.com\/wp-content\/uploads\/2015\/10\/lettino_scarperossedonna-300x222.jpg?resize=350%2C200","width":350,"height":200},"classes":[]},{"id":317,"url":"https:\/\/giorgiamontoriopsicologa.com\/index.php\/contatti\/genitorialita-parent-coaching\/","url_meta":{"origin":103,"position":4},"title":"Genitorialit\u00e0 &#8211; Parent Coaching","date":"3 Gennaio 2016","format":false,"excerpt":"\u2026 a chi \u00e8 rivolto... I genitori si trovano spesso a gestire piccole difficolt\u00e0 e tensioni quotidiane, ma non per questo meno importanti, che mettono a dura prova \u201cl'equilibrio familiare\u201d. Le difficolt\u00e0 sono diverse, dalla gestione delle regole, alla comunicazione, alle aspettative disattese, ai conflitti con i genitori o tra\u2026","rel":"","context":"Articolo simile","img":{"alt_text":"vecchia-televisione","src":"https:\/\/i0.wp.com\/giorgiamontoriopsicologa.com\/wp-content\/uploads\/2015\/11\/vecchia-televisione-300x245.jpg?resize=350%2C200","width":350,"height":200},"classes":[]},{"id":38,"url":"https:\/\/giorgiamontoriopsicologa.com\/index.php\/contatti\/","url_meta":{"origin":103,"position":5},"title":"COSA PROPONGO","date":"17 Ottobre 2015","format":false,"excerpt":"PERCORSI DI \u2026 consapevolezza \u2026 decidere di intraprendere un percorso di crescita ... Non \u00e8 facile alzare il telefono, comporre un numero di telefono o decidere di scrivere una e-mail per iniziare un percorso psicologico. Siamo invece abituati ad andare dal nostro medico di famiglia, raccontargli qualcosa di pi\u00f9 o\u2026","rel":"","context":"Articolo simile","img":{"alt_text":"","src":"","width":0,"height":0},"classes":[]}],"jetpack_sharing_enabled":true,"jetpack_likes_enabled":true,"_links":{"self":[{"href":"https:\/\/giorgiamontoriopsicologa.com\/index.php\/wp-json\/wp\/v2\/pages\/103"}],"collection":[{"href":"https:\/\/giorgiamontoriopsicologa.com\/index.php\/wp-json\/wp\/v2\/pages"}],"about":[{"href":"https:\/\/giorgiamontoriopsicologa.com\/index.php\/wp-json\/wp\/v2\/types\/page"}],"author":[{"embeddable":true,"href":"https:\/\/giorgiamontoriopsicologa.com\/index.php\/wp-json\/wp\/v2\/users\/1"}],"replies":[{"embeddable":true,"href":"https:\/\/giorgiamontoriopsicologa.com\/index.php\/wp-json\/wp\/v2\/comments?post=103"}],"version-history":[{"count":5,"href":"https:\/\/giorgiamontoriopsicologa.com\/index.php\/wp-json\/wp\/v2\/pages\/103\/revisions"}],"predecessor-version":[{"id":122,"href":"https:\/\/giorgiamontoriopsicologa.com\/index.php\/wp-json\/wp\/v2\/pages\/103\/revisions\/122"}],"up":[{"embeddable":true,"href":"https:\/\/giorgiamontoriopsicologa.com\/index.php\/wp-json\/wp\/v2\/pages\/5"}],"wp:attachment":[{"href":"https:\/\/giorgiamontoriopsicologa.com\/index.php\/wp-json\/wp\/v2\/media?parent=103"}],"curies":[{"name":"wp","href":"https:\/\/api.w.org\/{rel}","templated":true}]}}